{"id":39,"date":"2017-12-04T22:34:16","date_gmt":"2017-12-05T01:34:16","guid":{"rendered":"https:\/\/iscc.ufpr.br\/?page_id=39"},"modified":"2018-02-26T14:05:54","modified_gmt":"2018-02-26T17:05:54","slug":"sobre","status":"publish","type":"page","link":"https:\/\/iscc.ufpr.br\/","title":{"rendered":"Sobre"},"content":{"rendered":"<p style=\"text-align: justify;\"><strong>LABORAT\u00d3RIO<\/strong><br \/>\nO Laborat\u00f3rio de Informa\u00e7\u00e3o e Sustentabilidade na Constru\u00e7\u00e3o Civil est\u00e1 vinculado ao Programa de P\u00f3s Gradua\u00e7\u00e3o em Engenharia da Constru\u00e7\u00e3o Civil da Universidade Federal do Paran\u00e1.\u00a0 Tem como principal objetivo desenvolver, aplicar e testar ferramentas dentro das principais linhas de pesquisa do Grupo de Pesquisa.<\/p>\n<p style=\"text-align: justify;\"><strong>GRUPO DE PESQUISA<\/strong><br \/>\nA ind\u00fastria da constru\u00e7\u00e3o \u00e9 o maior consumidor mundial de recursos naturais. Consome mais de tr\u00eas bilh\u00f5es de toneladas de mat\u00e9rias-primas por ano e, aproximadamente, 50% da produ\u00e7\u00e3o global de a\u00e7o, al\u00e9m de 40% do uso de energia prim\u00e1ria. Tal desempenho associa-se a impactos ambientais significativos como emiss\u00f5es globais de di\u00f3xido de carbono e outros gases do efeito estufa. As pesquisas sobre sustentabilidade das edifica\u00e7\u00f5es visam entender a avaliar tal cen\u00e1rio. Por\u00e9m, as crescentes demandas de pesquisa, e consequentes gera\u00e7\u00e3o de dados, necessitam de modelos de gest\u00e3o que possibilitem melhorar a qualidade e o acesso destes. T\u00e9cnicas de avalia\u00e7\u00e3o de impactos ambientais, como An\u00e1lise de Ciclo de Vida (ACV), prescindem de modelos organizados para gest\u00e3o dos dados de entrada e sa\u00edda, que podem ser numerosas e de naturezas diversas. Assim, as pesquisas em sustentabilidade das edifica\u00e7\u00f5es necessitam agora, e em futuro pr\u00f3ximo de modelos de gest\u00e3o mais efetivos e adaptados \u00e0s suas necessidades. Neste sentido, o Grupo de Pesquisa da Informa\u00e7\u00e3o e Sustentabilidade na Constru\u00e7\u00e3o Civil da UFPR surgiu com o objetivo de explorar temas referente \u00e0:<\/p>\n<p style=\"text-align: justify;\"><strong>+<\/strong>Avalia\u00e7\u00e3o do Ciclo de Vida de Edifica\u00e7\u00f5es<br \/>\n<strong>+<\/strong>Circularidade aplicada ao ambiente constru\u00eddo (BAMB)<br \/>\n<strong>+<\/strong>Coberturas e paredes verdes<br \/>\n<strong>+<\/strong>Gest\u00e3o Estrat\u00e9gica da Informa\u00e7\u00e3o para projetos mais sustent\u00e1veis<br \/>\n<strong>+<\/strong>Inova\u00e7\u00e3o, Engenharia da Informa\u00e7\u00e3o e do Conhecimento<br \/>\n<strong>+<\/strong>Uso da madeira e seus comp\u00f3sitos<\/p>\n","protected":false},"excerpt":{"rendered":"<p>LABORAT\u00d3RIO O Laborat\u00f3rio de Informa\u00e7\u00e3o e Sustentabilidade na Constru\u00e7\u00e3o Civil est\u00e1 vinculado ao Programa de P\u00f3s Gradua\u00e7\u00e3o em Engenharia da Constru\u00e7\u00e3o Civil da Universidade Federal do Paran\u00e1.\u00a0 Tem como principal objetivo desenvolver, aplicar e testar ferramentas dentro das principais linhas de pesquisa do Grupo de Pesquisa. GRUPO DE PESQUISA A ind\u00fastria da constru\u00e7\u00e3o \u00e9 o &hellip; <\/p>\n<p class=\"link-more\"><a href=\"https:\/\/iscc.ufpr.br\/\" class=\"more-link\">Continue lendo<span class=\"screen-reader-text\"> &#8220;Sobre&#8221;<\/span><\/a><\/p>\n","protected":false},"author":2,"featured_media":0,"parent":0,"menu_order":0,"comment_status":"closed","ping_status":"closed","template":"","meta":{"footnotes":""},"class_list":["post-39","page","type-page","status-publish","hentry"],"_links":{"self":[{"href":"https:\/\/iscc.ufpr.br\/index.php?rest_route=\/wp\/v2\/pages\/39"}],"collection":[{"href":"https:\/\/iscc.ufpr.br\/index.php?rest_route=\/wp\/v2\/pages"}],"about":[{"href":"https:\/\/iscc.ufpr.br\/index.php?rest_route=\/wp\/v2\/types\/page"}],"author":[{"embeddable":true,"href":"https:\/\/iscc.ufpr.br\/index.php?rest_route=\/wp\/v2\/users\/2"}],"replies":[{"embeddable":true,"href":"https:\/\/iscc.ufpr.br\/index.php?rest_route=%2Fwp%2Fv2%2Fcomments&post=39"}],"version-history":[{"count":16,"href":"https:\/\/iscc.ufpr.br\/index.php?rest_route=\/wp\/v2\/pages\/39\/revisions"}],"predecessor-version":[{"id":159,"href":"https:\/\/iscc.ufpr.br\/index.php?rest_route=\/wp\/v2\/pages\/39\/revisions\/159"}],"wp:attachment":[{"href":"https:\/\/iscc.ufpr.br\/index.php?rest_route=%2Fwp%2Fv2%2Fmedia&parent=39"}],"curies":[{"name":"wp","href":"https:\/\/api.w.org\/{rel}","templated":true}]}}