{"id":41,"date":"2017-12-04T22:34:40","date_gmt":"2017-12-05T01:34:40","guid":{"rendered":"https:\/\/iscc.ufpr.br\/?page_id=41"},"modified":"2018-03-06T11:59:27","modified_gmt":"2018-03-06T14:59:27","slug":"linhas-de-pesquisa","status":"publish","type":"page","link":"https:\/\/iscc.ufpr.br\/?page_id=41","title":{"rendered":"Linhas de pesquisa"},"content":{"rendered":"<h3>An\u00e1lise do ciclo de vida das edifica\u00e7\u00f5es<\/h3>\n<p style=\"text-align: justify;\">Desenvolver as condi\u00e7\u00f5es para an\u00e1lise do ciclo de vida, completas ou simplificadas, das edifica\u00e7\u00f5es brasileiras e dos materiais de constru\u00e7\u00e3o mais empregados, segundo as normas ISO 14040 e 14044. Emprego dos recursos de inform\u00e1tica como <em>softwares<\/em> e banco de dados t\u00edpicos de invent\u00e1rios para ACV&#8217;s em edifica\u00e7\u00f5es. Estudo e adapta\u00e7\u00e3o dos protocolos de an\u00e1lise adequados com respectivas categorias de impacto. Propostas para modelos de GI integrantes dos invent\u00e1rios e protocolos de an\u00e1lises para ACV.<\/p>\n<h3>Circularidade aplicada ao ambiente constru\u00eddo (BAMB)<\/h3>\n<p style=\"text-align: justify;\">Desenvolvimento e aplica\u00e7\u00e3o dos conceitos de circularidade, pensamento no ciclo de vida, no ambiente constru\u00eddo a partir das iniciativas do projeto BAMB (<em>Building As Material Bank<\/em>), da Uni\u00e3o Europ\u00e9ia. Implementa\u00e7\u00e3o dos conceitos de Passaporte dos Materiais de Constru\u00e7\u00e3o, Projeto Flex\u00edvel e Gerenciamento do ciclo de vida da edifica\u00e7\u00e3o a partir da modelagem BIM. Defini\u00e7\u00e3o das estruturas necess\u00e1rias para Certifica\u00e7\u00e3o Ambiental de Produtos de N\u00edvel III, ISO 14025, para materiais de constru\u00e7\u00e3o.<\/p>\n<h3>Coberturas e Paredes Verdes<\/h3>\n<p style=\"text-align: justify;\">Pesquisar e integrar a gest\u00e3o da informa\u00e7\u00e3o e os par\u00e2metros de sustentabilidade associados aos telhados verdes em cidades brasileiras. S\u00e3o analisadas as vari\u00e1veis de desempenho t\u00e9rmico, reten\u00e7\u00e3o de \u00e1guas das chuvas, qualidade das \u00e1guas residuais, reflexividade da radia\u00e7\u00e3o solar, plantas mais adequadas ao clima estudado, substratos adequados \u00e0s plantas e respectivos climas, sistemas de drenagem, desempenho das plantas nas categorias extensiva e intensiva, sistemas de impermeabiliza\u00e7\u00e3o e materiais.<\/p>\n<h3>Gest\u00e3o Estrat\u00e9gica da Informa\u00e7\u00e3o para Projetos mais sustent\u00e1veis<\/h3>\n<p style=\"text-align: justify;\">Pesquisar as estrat\u00e9gias organizacionais aplicadas a melhoria dos processos de tomada de decis\u00e3o na gest\u00e3o de empresas atuantes na constru\u00e7\u00e3o civil com \u00eanfase nos fluxos da informa\u00e7\u00e3o. Prospectar m\u00e9todos da filosofia e princ\u00edpios do <em>lean thinking (lean construction)<\/em> que promovam a melhoria no projeto, planejamento e execu\u00e7\u00e3o de projetos obras civis mais sustent\u00e1veis. Organizar as informa\u00e7\u00f5es em modelos BIM visando a dimens\u00e3o de avalia\u00e7\u00e3o de impactos ambientais (6D), da GI e comunica\u00e7\u00e3o no setor.<\/p>\n<h3>Inova\u00e7\u00e3o, Engenharia da Informa\u00e7\u00e3o e do Conhecimento<\/h3>\n<p style=\"text-align: justify;\">Investigar as teorias e metodologias para estimulo \u00e0 criatividade e ao desenvolvimento de compet\u00eancia profissional, processos, produtos e\/ou tecnologias aplicadas \u00e0 engenharia civil visando a sustentabilidade das edifica\u00e7\u00f5es. Oportunizar a transfer\u00eancia da tecnologia para o mercado quer seja por processo de registro de patente ou pela oferta de forma\u00e7\u00e3o profissional. Oferta de cursos profissionalizantes presenciais, semipresenciais ou totalmente \u00e0 dist\u00e2ncia a partir da tecnologia existente.<\/p>\n<h3>Uso da madeira e seus comp\u00f3sitos<\/h3>\n<p style=\"text-align: justify;\">Pesquisar as formas de aplicar a madeira na constru\u00e7\u00e3o civil visando reduzir o uso de materiais de constru\u00e7\u00e3o mais impactantes ao meio ambiente como cimento, alum\u00ednio e a\u00e7o. Avaliar e otimizar os impactos ambientais no uso de produtos como: <em>Wood Frame, Cross Laminated Timber &#8211; CLT, Laminated Veneer Lumber &#8211; LVL, Glued Laminated Timber &#8211; <\/em>Glulam. Estudar a capacidade de fixa\u00e7\u00e3o de carbono nos produtos de madeira ao longo do ciclo de vida.<\/p>\n","protected":false},"excerpt":{"rendered":"<p>An\u00e1lise do ciclo de vida das edifica\u00e7\u00f5es Desenvolver as condi\u00e7\u00f5es para an\u00e1lise do ciclo de vida, completas ou simplificadas, das edifica\u00e7\u00f5es brasileiras e dos materiais de constru\u00e7\u00e3o mais empregados, segundo as normas ISO 14040 e 14044. Emprego dos recursos de inform\u00e1tica como softwares e banco de dados t\u00edpicos de invent\u00e1rios para ACV&#8217;s em edifica\u00e7\u00f5es. Estudo &hellip; <\/p>\n<p class=\"link-more\"><a href=\"https:\/\/iscc.ufpr.br\/?page_id=41\" class=\"more-link\">Continue lendo<span class=\"screen-reader-text\"> &#8220;Linhas de pesquisa&#8221;<\/span><\/a><\/p>\n","protected":false},"author":2,"featured_media":0,"parent":0,"menu_order":0,"comment_status":"closed","ping_status":"closed","template":"","meta":{"footnotes":""},"class_list":["post-41","page","type-page","status-publish","hentry"],"_links":{"self":[{"href":"https:\/\/iscc.ufpr.br\/index.php?rest_route=\/wp\/v2\/pages\/41"}],"collection":[{"href":"https:\/\/iscc.ufpr.br\/index.php?rest_route=\/wp\/v2\/pages"}],"about":[{"href":"https:\/\/iscc.ufpr.br\/index.php?rest_route=\/wp\/v2\/types\/page"}],"author":[{"embeddable":true,"href":"https:\/\/iscc.ufpr.br\/index.php?rest_route=\/wp\/v2\/users\/2"}],"replies":[{"embeddable":true,"href":"https:\/\/iscc.ufpr.br\/index.php?rest_route=%2Fwp%2Fv2%2Fcomments&post=41"}],"version-history":[{"count":10,"href":"https:\/\/iscc.ufpr.br\/index.php?rest_route=\/wp\/v2\/pages\/41\/revisions"}],"predecessor-version":[{"id":199,"href":"https:\/\/iscc.ufpr.br\/index.php?rest_route=\/wp\/v2\/pages\/41\/revisions\/199"}],"wp:attachment":[{"href":"https:\/\/iscc.ufpr.br\/index.php?rest_route=%2Fwp%2Fv2%2Fmedia&parent=41"}],"curies":[{"name":"wp","href":"https:\/\/api.w.org\/{rel}","templated":true}]}}